{"id":6687,"date":"2024-05-28T17:16:18","date_gmt":"2024-05-28T17:16:18","guid":{"rendered":"https:\/\/jmarinrealestate.com\/politica-de-cookies\/"},"modified":"2024-06-26T19:21:34","modified_gmt":"2024-06-26T19:21:34","slug":"politica-de-cookies","status":"publish","type":"page","link":"https:\/\/jmarinrealestate.com\/ca\/politica-de-cookies\/","title":{"rendered":"Pol\u00edtica de Cookies"},"content":{"rendered":"\t\t<div data-elementor-type=\"wp-page\" data-elementor-id=\"6687\" class=\"elementor elementor-6687 elementor-5149\" data-elementor-post-type=\"page\">\n\t\t\t\t<div class=\"elementor-element elementor-element-5f3147b6 e-flex e-con-boxed e-con e-parent\" data-id=\"5f3147b6\" data-element_type=\"container\" data-e-type=\"container\">\n\t\t\t\t\t<div class=\"e-con-inner\">\n\t\t\t\t<div class=\"elementor-element elementor-element-605a44f elementor-widget elementor-widget-heading\" data-id=\"605a44f\" data-element_type=\"widget\" data-e-type=\"widget\" data-widget_type=\"heading.default\">\n\t\t\t\t<div class=\"elementor-widget-container\">\n\t\t\t\t\t<h2 class=\"elementor-heading-title elementor-size-default\">Pol\u00edtica de Cookies<\/h2>\t\t\t\t<\/div>\n\t\t\t\t<\/div>\n\t\t\t\t<div class=\"elementor-element elementor-element-7c38158a elementor-widget elementor-widget-text-editor\" data-id=\"7c38158a\" data-element_type=\"widget\" data-e-type=\"widget\" data-widget_type=\"text-editor.default\">\n\t\t\t\t<div class=\"elementor-widget-container\">\n\t\t\t\t\t\t\t\t\t\n<div class=\"Ptext\">\n<h3>INFORMACI\u00d3 QUE RECOPILEM:<\/h3>\n<\/div>\n<div class=\"Ptext\">\n<p>Recopilem i processem la seg\u00fcent informaci\u00f3 sobre vost\u00e8:<\/p>\n<ul>\n<li>Nom.<\/li>\n<li>Email.<\/li>\n<li>Informaci\u00f3 de pagament (si n&#8217;hi hagu\u00e9s).<\/li>\n<\/ul>\n<p><strong>Com recopilem la seva informaci\u00f3:<\/strong><\/p>\n<p>Recopilem\/rebem informaci\u00f3 sobre vost\u00e8 de la manera seg\u00fcent:<\/p>\n<ul>\n<li>Quan un usuari completa el formulari de registre.<\/li>\n<li>Envia informaci\u00f3 personal.<\/li>\n<li>Interactua amb el lloc web.<\/li>\n<li>De fonts p\u00fabliques.<\/li>\n<\/ul>\n<p><strong>Com utilitzem la seva informaci\u00f3:<\/strong><\/p>\n<p>Usarem la informaci\u00f3 que recopilem sobre vost\u00e8 per als seg\u00fcents prop\u00f2sits:<\/p>\n<ul>\n<li>M\u00e0rqueting o promoci\u00f3.<\/li>\n<li>Crear un compte d&#8217;usuari.<\/li>\n<li>Recopilaci\u00f3 de comentaris.<\/li>\n<li>Per a qualsevol altre prop\u00f2sit, li demanarem el seu consentiment i nom\u00e9s per als fins que atorgui el seu consentiment, tret que se&#8217;ns sol\u00b7liciti el contrari per llei.<\/li>\n<\/ul>\n<p><strong>Com compartim la seva informaci\u00f3:<\/strong><\/p>\n<p>No transferirem la seva informaci\u00f3 personal a cap tercer sense sol\u00b7licitar el seu consentiment, excepte en les circumst\u00e0ncies limitades que es descriuen a continuaci\u00f3:<\/p>\n<p><em>Anal\u00edtica:<\/em><\/p>\n<p>Requerim que dites terceres usin la informaci\u00f3 personal que els transferim nom\u00e9s per al prop\u00f2sit per al qual va ser transferida i no la retinguin per m\u00e9s temps del necessari per a complir amb aquest prop\u00f2sit.<\/p>\n<p>Tamb\u00e9 podem divulgar la seva informaci\u00f3 personal per al seg\u00fcent: (1) per a complir amb la llei, regulaci\u00f3, ordre judicial o un altre proc\u00e9s legal aplicable; (2) per a fer complir els seus acords amb nosaltres, inclosa aquesta pol\u00edtica de privacitat; o (3) per a respondre a reclams que l&#8217;\u00fas del servei viola els drets de tercers. Si el servei o la nostra empresa es fusiona o s&#8217;adquireix per una altra empresa, la seva informaci\u00f3 ser\u00e0 un dels actius que es transferir\u00e0 tamb\u00e9 al nou propietari.<\/p>\n<p><em>Retenci\u00f3 de la seva informaci\u00f3:<\/em><\/p>\n<p>Conservarem la seva informaci\u00f3 personal amb nosaltres de 90 dies a 2 anys despr\u00e9s que els usuaris cancel\u00b7lin els seus comptes o durant el temps que la necessitem per a complir amb els fins per als quals es va recopilar, com es detalla en aquesta pol\u00edtica de privacitat. Es posible que necesitemos conservar cierta informaci\u00f3n durante periodos m\u00e1s largos, como el mantenimiento de registros\/informes de acuerdo con la ley aplicable o por otras razones leg\u00edtimas, como el cumplimiento de los derechos legales, la prevenci\u00f3n del fraude, etc.<\/p>\n<p>Informaci\u00f3 an\u00f2nima residual i informaci\u00f3 agregada, cap de les quals ho identifica (directament o indirectament), pot emmagatzemar-se indefinidament.<\/p>\n<p><em>Els seus drets:<\/em><\/p>\n<p>Depenent de la llei que s&#8217;apliqui, pot tenir dret a accedir i rectificar o esborrar les seves dades personals o rebre una c\u00f2pia, restringir o oposar-se al processament actiu d&#8217;aquests, demanar-nos que compartim (aportem) la seva informaci\u00f3 personal a una altra entitat, retirar qualsevol consentiment que ens hagi proporcionat per a processar-la, presentar una queixa davant una autoritat legal o qualsevol altre dret que pugui ser rellevant segons les lleis aplicables.<\/p>\n<p>Per a exercir aquests drets, pot escriure&#8217;ns a: <a href=\"mailto:info@jmarinrealestate.com\"> info@jmarinrealestate.com<\/a>. Respondrem a la seva sol\u00b7licitud d&#8217;acord amb la llei aplicable.<\/p>\n<p>Pot optar per no rebre comunicacions de m\u00e0rqueting directe o l&#8217;elaboraci\u00f3 de perfils que realitzem amb finalitats publicitaris escrivint-nos a: <a href=\"mailto:info@jmarinrealestate.com\">info@jmarinrealestate.com.<\/a><\/p>\n<p>Tingui en compte que si no ens permet recopilar o processar la informaci\u00f3 personal requerida o retirar el consentiment per a processar la mateixa per als fins requerits, \u00e9s possible que no pugui accedir o utilitzar els serveis per als quals es va sol\u00b7licitar pr\u00e8viament la seva informaci\u00f3.<\/p>\n<p><em>Cookies:<\/em><\/p>\n<p>Per a obtenir m\u00e9s informaci\u00f3 sobre com usem les cookies i les seves opcions en relaci\u00f3 amb aquestes tecnologies de seguiment, revisi aquesta pol\u00edtica de cookies.<\/p>\n<p><em>Seguretat:<\/em><\/p>\n<p>La seguretat de la seva informaci\u00f3 \u00e9s important per a nosaltres i utilitzarem mesures raonables per a evitar la p\u00e8rdua, mal \u00fas o alteraci\u00f3 no autoritzada de la seva informaci\u00f3 sota el nostre control. No obstant aix\u00f2, donats els riscos inherents, no podem garantir la seguretat absoluta i, en conseq\u00fc\u00e8ncia, no podem assegurar ni garantir la seguretat de qualsevol informaci\u00f3 que ens transmeti.<\/p>\n<\/div>\n\t\t\t\t\t\t\t\t<\/div>\n\t\t\t\t<\/div>\n\t\t\t\t\t<\/div>\n\t\t\t\t<\/div>\n\t\t\t\t<\/div>\n\t\t","protected":false},"excerpt":{"rendered":"<p>INFORMACI\u00d3 QUE RECOPILEM: Recopilem i processem la seg\u00fcent informaci\u00f3 sobre vost\u00e8: Nom. Email. Informaci\u00f3 de pagament (si n&#8217;hi hagu\u00e9s). Com recopilem la seva informaci\u00f3: Recopilem\/rebem informaci\u00f3 sobre vost\u00e8 de la manera seg\u00fcent: Quan un usuari completa el formulari de registre. Envia informaci\u00f3 personal. Interactua amb el lloc web. De fonts p\u00fabliques. Com utilitzem la seva [&hellip;]<\/p>\n","protected":false},"author":1,"featured_media":0,"parent":0,"menu_order":0,"comment_status":"closed","ping_status":"closed","template":"","meta":{"footnotes":""},"class_list":["post-6687","page","type-page","status-publish","hentry"],"_links":{"self":[{"href":"https:\/\/jmarinrealestate.com\/ca\/wp-json\/wp\/v2\/pages\/6687","targetHints":{"allow":["GET"]}}],"collection":[{"href":"https:\/\/jmarinrealestate.com\/ca\/wp-json\/wp\/v2\/pages"}],"about":[{"href":"https:\/\/jmarinrealestate.com\/ca\/wp-json\/wp\/v2\/types\/page"}],"author":[{"embeddable":true,"href":"https:\/\/jmarinrealestate.com\/ca\/wp-json\/wp\/v2\/users\/1"}],"replies":[{"embeddable":true,"href":"https:\/\/jmarinrealestate.com\/ca\/wp-json\/wp\/v2\/comments?post=6687"}],"version-history":[{"count":11,"href":"https:\/\/jmarinrealestate.com\/ca\/wp-json\/wp\/v2\/pages\/6687\/revisions"}],"predecessor-version":[{"id":7170,"href":"https:\/\/jmarinrealestate.com\/ca\/wp-json\/wp\/v2\/pages\/6687\/revisions\/7170"}],"wp:attachment":[{"href":"https:\/\/jmarinrealestate.com\/ca\/wp-json\/wp\/v2\/media?parent=6687"}],"curies":[{"name":"wp","href":"https:\/\/api.w.org\/{rel}","templated":true}]}}